{"id":1071,"date":"2024-11-16T21:03:30","date_gmt":"2024-11-16T18:03:30","guid":{"rendered":"https:\/\/arronet.fi\/?page_id=1071"},"modified":"2026-01-21T13:58:06","modified_gmt":"2026-01-21T11:58:06","slug":"kontakt","status":"publish","type":"page","link":"https:\/\/arronet.fi\/sv\/yhteydenotot\/","title":{"rendered":"Kontaktuppgifter"},"content":{"rendered":"<h2>Kontaktuppgifter<\/h2>\n<p>F\u00f6rs\u00e4ljning &amp; import<\/p>\n<p>Oy Kone Wuorio Maskin Ab<\/p>\n<p>f-nummer: 0203894-2<\/p>\n<p>Postadress:<br \/>\nJoensuunkatu 15<br \/>\n24100 Salo<\/p>\n<p><strong>Arronet f\u00f6rs\u00e4ljning:<\/strong><br \/>\n<strong>Peter Sj\u00f6qvist<\/strong>, 0400 821 606, <a href=\"mailto:peter@astrum.fi\">peter@astrum.fi<\/a><br \/>\n<strong>Kenneth\u00a0<\/strong><strong>Forsstr\u00f6m<\/strong>,\u00a0040 733 1771, <a href=\"mailto:kenneth@astrum.fi\">kenneth@astrum.fi<\/a><br \/>\n<strong>Antti Riihinen<\/strong>, 040 821 9226, <a href=\"mailto:antti@astrum.fi\">antti@astrum.fi<\/a><\/p>\n<p>&nbsp;<\/p>\n<figure><img fetchpriority=\"high\" decoding=\"async\" src=\"https:\/\/arronet.fi\/wp-content\/uploads\/2024\/11\/Peter_profil.jpg\" sizes=\"(max-width: 418px) 100vw, 418px\" srcset=\"https:\/\/arronet.fi\/wp-content\/uploads\/2024\/11\/Peter_profil.jpg 418w, https:\/\/arronet.fi\/wp-content\/uploads\/2024\/11\/Peter_profil-300x205.jpg 300w\" alt=\"Peter Sj\u00f6qvist\" width=\"418\" height=\"286\" \/><\/figure>\n<h3>Peter Sj\u00f6qvist<\/h3>\n<p>F\u00f6rs\u00e4ljning<\/p>\n<p>Tel: 0400 821 606<\/p>\n<figure><img decoding=\"async\" src=\"https:\/\/arronet.fi\/wp-content\/uploads\/2024\/11\/Kenneth_1-1.webp\" sizes=\"(max-width: 418px) 100vw, 418px\" srcset=\"https:\/\/arronet.fi\/wp-content\/uploads\/2024\/11\/Kenneth_1-1.webp 418w, https:\/\/arronet.fi\/wp-content\/uploads\/2024\/11\/Kenneth_1-1-300x205.webp 300w\" alt=\"Kenneth Forsstr\u00f6m\" width=\"418\" height=\"286\" \/><\/figure>\n<h3>Kenneth Forsstr\u00f6m<\/h3>\n<p>F\u00f6rs\u00e4ljning<\/p>\n<p>Tel: 040 733 1771<\/p>\n<figure><img decoding=\"async\" src=\"https:\/\/arronet.fi\/wp-content\/uploads\/2025\/03\/antti_riihinen.jpg\" sizes=\"(max-width: 418px) 100vw, 418px\" srcset=\"https:\/\/arronet.fi\/wp-content\/uploads\/2025\/03\/antti_riihinen.jpg 418w, https:\/\/arronet.fi\/wp-content\/uploads\/2025\/03\/antti_riihinen-300x205.jpg 300w\" alt=\"Antti riihinen\" width=\"418\" height=\"286\" \/><\/figure>\n<h3>Antti Riihinen<\/h3>\n<p>F\u00f6rs\u00e4ljning<\/p>\n<p>Tel: 040 821 9226<\/p>","protected":false},"excerpt":{"rendered":"<p>Yhteydenotot Myynti &amp; maahantuonti Oy Kone Wuorio Maskin Ab y-tunnus: 0203894-2 Postiosoite: Joensuunkatu 15 24100 Salo Arronet myynti: Peter Sj\u00f6qvist, 0400 821 606, peter@astrum.fi Kenneth\u00a0Forsstr\u00f6m,\u00a0040 733 1771, kenneth@astrum.fi Antti Riihinen, 040 821 9226, antti@astrum.fi &nbsp; Peter Sj\u00f6qvist Myynti Puh: 0400 821 606 Kenneth Forsstr\u00f6m Myynti Puh: 040 733 1771 Antti Riihinen Myynti Puh: 040 821 [&hellip;]<\/p>\n","protected":false},"author":1,"featured_media":0,"parent":0,"menu_order":0,"comment_status":"closed","ping_status":"closed","template":"","meta":{"_acf_changed":false,"slim_seo":{"title":"Yhteydenotot - Arronet","description":"Kontakt Sales &amp; import Oy Kone Wuorio Maskin Ab FO-nummer: 0203894-2 Postadress: Joensuunkatu 15 24100 Salo Arronet f\u00f6rs\u00e4ljning: Peter Sj\u00f6qvist , 040"},"iawp_total_views":651,"footnotes":""},"class_list":["post-1071","page","type-page","status-publish","hentry"],"acf":[],"_links":{"self":[{"href":"https:\/\/arronet.fi\/sv\/wp-json\/wp\/v2\/pages\/1071","targetHints":{"allow":["GET"]}}],"collection":[{"href":"https:\/\/arronet.fi\/sv\/wp-json\/wp\/v2\/pages"}],"about":[{"href":"https:\/\/arronet.fi\/sv\/wp-json\/wp\/v2\/types\/page"}],"author":[{"embeddable":true,"href":"https:\/\/arronet.fi\/sv\/wp-json\/wp\/v2\/users\/1"}],"replies":[{"embeddable":true,"href":"https:\/\/arronet.fi\/sv\/wp-json\/wp\/v2\/comments?post=1071"}],"version-history":[{"count":27,"href":"https:\/\/arronet.fi\/sv\/wp-json\/wp\/v2\/pages\/1071\/revisions"}],"predecessor-version":[{"id":2968,"href":"https:\/\/arronet.fi\/sv\/wp-json\/wp\/v2\/pages\/1071\/revisions\/2968"}],"wp:attachment":[{"href":"https:\/\/arronet.fi\/sv\/wp-json\/wp\/v2\/media?parent=1071"}],"curies":[{"name":"wp","href":"https:\/\/api.w.org\/{rel}","templated":true}]}}