{"id":1406,"date":"2024-11-22T09:33:51","date_gmt":"2024-11-22T07:33:51","guid":{"rendered":"https:\/\/arronet.fi\/?page_id=1406"},"modified":"2025-02-05T20:28:32","modified_gmt":"2025-02-05T18:28:32","slug":"arronet-foil-collection","status":"publish","type":"page","link":"https:\/\/arronet.fi\/sv\/arronet-foil-mallisto\/","title":{"rendered":"Arronet Foil b\u00e5tar"},"content":{"rendered":"\t\t<div data-elementor-type=\"wp-page\" data-elementor-id=\"1406\" class=\"elementor elementor-1406\" data-elementor-post-type=\"page\">\n\t\t\t\t<div class=\"elementor-element elementor-element-4f48a43 e-flex e-con-boxed elementor-invisible e-con e-parent\" data-id=\"4f48a43\" data-element_type=\"container\" data-e-type=\"container\" data-settings=\"{&quot;jet_parallax_layout_list&quot;:[],&quot;animation&quot;:&quot;fadeIn&quot;}\">\n\t\t\t\t\t<div class=\"e-con-inner\">\n\t\t\t\t<div class=\"elementor-element elementor-element-a9319ad elementor-widget elementor-widget-heading\" data-id=\"a9319ad\" data-element_type=\"widget\" data-e-type=\"widget\" data-widget_type=\"heading.default\">\n\t\t\t\t<div class=\"elementor-widget-container\">\n\t\t\t\t\t<h2 class=\"elementor-heading-title elementor-size-default\">Foil -mallisto<\/h2>\t\t\t\t<\/div>\n\t\t\t\t<\/div>\n\t\t\t\t\t<\/div>\n\t\t\t\t<\/div>\n\t\t<div class=\"elementor-element elementor-element-8971251 e-flex e-con-boxed elementor-invisible e-con e-parent\" data-id=\"8971251\" data-element_type=\"container\" data-e-type=\"container\" data-settings=\"{&quot;jet_parallax_layout_list&quot;:[],&quot;animation&quot;:&quot;fadeIn&quot;}\">\n\t\t\t\t\t<div class=\"e-con-inner\">\n\t\t\t\t<div class=\"elementor-element elementor-element-6daf7d9 elementor-widget elementor-widget-text-editor\" data-id=\"6daf7d9\" data-element_type=\"widget\" data-e-type=\"widget\" data-widget_type=\"text-editor.default\">\n\t\t\t\t<div class=\"elementor-widget-container\">\n\t\t\t\t\t\t\t\t\t<p>Seuraa meit\u00e4 tulevaisuuteen!<br \/>\nArrofoil 25 -Cabin on suunniteltu vastaamaan tulevaisuuden vaatimuksiin alhaisella energiankulutuksella, v\u00e4h\u00e4isell\u00e4 ymp\u00e4rist\u00f6vaikutuksella ja vesiymp\u00e4rist\u00f6\u00e4 h\u00e4iritsem\u00e4tt\u00e4, k\u00e4yt\u00e4nn\u00f6ss\u00e4 ilman per\u00e4aaltoja.<br \/>\n\u201dFoilatessasi\u201d aaltojen yl\u00e4puolella 25 solmun nopeudella polttoaineenkulutus on noin 0,5 l\/mpk on ehdottoman ly\u00f6m\u00e4t\u00f6n!<\/p>\n<div class=\"gulbakgrund\">Lis\u00e4\u00e4 malleja tulossa sivujen p\u00e4ivitysten mukaan.<\/div>\n\t\t\t\t\t\t\t\t<\/div>\n\t\t\t\t<\/div>\n\t\t\t\t\t<\/div>\n\t\t\t\t<\/div>\n\t\t<div class=\"elementor-element elementor-element-d3b51a0 e-flex e-con-boxed e-con e-parent\" data-id=\"d3b51a0\" data-element_type=\"container\" data-e-type=\"container\" data-settings=\"{&quot;jet_parallax_layout_list&quot;:[]}\">\n\t\t\t\t\t<div class=\"e-con-inner\">\n\t\t\t\t<div class=\"elementor-element elementor-element-566b3b4 elementor-widget elementor-widget-jet-smart-filters-sorting\" data-id=\"566b3b4\" data-element_type=\"widget\" data-e-type=\"widget\" data-widget_type=\"jet-smart-filters-sorting.default\">\n\t\t\t\t<div class=\"elementor-widget-container\">\n\t\t\t\t\t<div class=\"jet-smart-filters-sorting jet-filter\"><div\n\tclass=\"jet-sorting jet-sorting--flex-column\"\n\t data-smart-filter=\"sorting\" data-query-type=\"sort\" data-query-var=\"standard\" data-content-provider=\"epro-loop-builder\" data-query-id=\"default\" data-apply-type=\"ajax\" data-apply-on=\"value\" data-additional-providers=\"\">\n\t\t<select\n\t\tclass=\"jet-sorting-select\"\n\t\tname=\"select-name\"\n\t\t\t\taria-label=\"Sort filter\"\n\t>\n\t\t\t\t\t<option value=\"\">\n\t\t\t\tLajittelu\t\t\t<\/option>\n\t\t\t\t\t\t\t<option\n\t\t\t\tvalue=\"{&quot;orderby&quot;:&quot;title&quot;,&quot;order&quot;:&quot;ASC&quot;}\"\n\t\t\t\t\t\t\t>\n\t\t\t\tNimi laskeva\t\t\t<\/option>\n\t\t\t\t\t<option\n\t\t\t\tvalue=\"{&quot;orderby&quot;:&quot;title&quot;,&quot;order&quot;:&quot;DESC&quot;}\"\n\t\t\t\t\t\t\t>\n\t\t\t\tNimi nouseva\t\t\t<\/option>\n\t\t\t\t\t<option\n\t\t\t\tvalue=\"{&quot;orderby&quot;:&quot;meta_value_num&quot;,&quot;order&quot;:&quot;ASC&quot;,&quot;meta_key&quot;:&quot;langd&quot;}\"\n\t\t\t\t\t\t\t>\n\t\t\t\tPituus nouseva\t\t\t<\/option>\n\t\t\t\t\t<option\n\t\t\t\tvalue=\"{&quot;orderby&quot;:&quot;meta_value_num&quot;,&quot;order&quot;:&quot;DESC&quot;,&quot;meta_key&quot;:&quot;langd&quot;}\"\n\t\t\t\t\t\t\t>\n\t\t\t\tPituus laskeva\t\t\t<\/option>\n\t\t\t<\/select>\n<\/div>\n<\/div>\t\t\t\t<\/div>\n\t\t\t\t<\/div>\n\t\t\t\t\t<\/div>\n\t\t\t\t<\/div>\n\t\t<div class=\"elementor-element elementor-element-a1ca7c5 e-flex e-con-boxed elementor-invisible e-con e-parent\" data-id=\"a1ca7c5\" data-element_type=\"container\" data-e-type=\"container\" data-settings=\"{&quot;jet_parallax_layout_list&quot;:[],&quot;animation&quot;:&quot;fadeIn&quot;}\">\n\t\t\t\t\t<div class=\"e-con-inner\">\n\t\t\t\t<div class=\"elementor-element elementor-element-52fbfcb elementor-grid-2 elementor-grid-tablet-1 elementor-grid-mobile-1 elementor-widget elementor-widget-loop-grid\" data-id=\"52fbfcb\" data-element_type=\"widget\" data-e-type=\"widget\" data-settings=\"{&quot;template_id&quot;:&quot;1224&quot;,&quot;columns&quot;:2,&quot;columns_tablet&quot;:1,&quot;_skin&quot;:&quot;post&quot;,&quot;columns_mobile&quot;:&quot;1&quot;,&quot;edit_handle_selector&quot;:&quot;[data-elementor-type=\\&quot;loop-item\\&quot;]&quot;,&quot;row_gap&quot;:{&quot;unit&quot;:&quot;px&quot;,&quot;size&quot;:&quot;&quot;,&quot;sizes&quot;:[]},&quot;row_gap_tablet&quot;:{&quot;unit&quot;:&quot;px&quot;,&quot;size&quot;:&quot;&quot;,&quot;sizes&quot;:[]},&quot;row_gap_mobile&quot;:{&quot;unit&quot;:&quot;px&quot;,&quot;size&quot;:&quot;&quot;,&quot;sizes&quot;:[]}}\" data-widget_type=\"loop-grid.post\">\n\t\t\t\t<div class=\"elementor-widget-container\">\n\t\t\t\t\t\t\t<div class=\"elementor-loop-container elementor-grid\" role=\"list\">\n\t\t<style id=\"loop-1224\">.elementor-1224 .elementor-element.elementor-element-eaca05d{--display:flex;}.elementor-1224 .elementor-element.elementor-element-3404d00{--display:flex;--flex-direction:column;--container-widget-width:100%;--container-widget-height:initial;--container-widget-flex-grow:0;--container-widget-align-self:initial;--flex-wrap-mobile:wrap;border-style:solid;--border-style:solid;border-width:1px 1px 1px 1px;--border-top-width:1px;--border-right-width:1px;--border-bottom-width:1px;--border-left-width:1px;border-color:#BEBEBE;--border-color:#BEBEBE;--border-radius:6px 6px 6px 6px;--padding-top:30px;--padding-bottom:30px;--padding-left:30px;--padding-right:30px;}.elementor-1224 .elementor-element.elementor-element-3404d00:not(.elementor-motion-effects-element-type-background), .elementor-1224 .elementor-element.elementor-element-3404d00 > .elementor-motion-effects-container > .elementor-motion-effects-layer{background-color:#FAFAFA;}.elementor-1224 .elementor-element.elementor-element-3404d00:hover{box-shadow:0px 0px 10px 0px rgba(0,0,0,0.5);}.elementor-widget-image .widget-image-caption{color:var( --e-global-color-text );font-family:var( --e-global-typography-text-font-family ), Sans-serif;font-weight:var( --e-global-typography-text-font-weight );}.elementor-1224 .elementor-element.elementor-element-48fa403 img{border-radius:3px 3px 3px 3px;}.elementor-widget-heading .elementor-heading-title{font-family:var( --e-global-typography-primary-font-family ), Sans-serif;font-weight:var( --e-global-typography-primary-font-weight );color:var( --e-global-color-primary );}.elementor-1224 .elementor-element.elementor-element-320b609{text-align:center;}.elementor-1224 .elementor-element.elementor-element-320b609 .elementor-heading-title{font-family:\"Roboto\", Sans-serif;font-weight:600;color:var( --e-global-color-primary );}.elementor-1224 .elementor-element.elementor-element-320b609 > .elementor-widget-container{padding:10px 10px 0px 10px;}.elementor-widget-text-editor{font-family:var( --e-global-typography-text-font-family ), Sans-serif;font-weight:var( --e-global-typography-text-font-weight );color:var( --e-global-color-text );}.elementor-widget-text-editor.elementor-drop-cap-view-stacked .elementor-drop-cap{background-color:var( --e-global-color-primary );}.elementor-widget-text-editor.elementor-drop-cap-view-framed .elementor-drop-cap, .elementor-widget-text-editor.elementor-drop-cap-view-default .elementor-drop-cap{color:var( --e-global-color-primary );border-color:var( --e-global-color-primary );}.elementor-widget-jet-button .jet-button__plane-normal{background-color:var( --e-global-color-primary );}.elementor-widget-jet-button .jet-button__plane-hover{background-color:var( --e-global-color-secondary );}.elementor-widget-jet-button  .jet-button__state-normal .jet-button__label{font-family:var( --e-global-typography-primary-font-family ), Sans-serif;font-weight:var( --e-global-typography-primary-font-weight );}.elementor-widget-jet-button  .jet-button__state-hover .jet-button__label{font-family:var( --e-global-typography-primary-font-family ), Sans-serif;font-weight:var( --e-global-typography-primary-font-weight );}.elementor-1224 .elementor-element.elementor-element-3305cc7 .jet-button__instance{width:400px;height:50px;background-color:var( --e-global-color-primary );}.elementor-1224 .elementor-element.elementor-element-3305cc7 .jet-button__container{justify-content:center;}.elementor-1224 .elementor-element.elementor-element-3305cc7 .jet-button__instance:hover{background-color:var( --e-global-color-accent );}.elementor-1224 .elementor-element.elementor-element-3305cc7 .jet-button__state-normal .jet-button__icon{width:38px;}.elementor-1224 .elementor-element.elementor-element-3305cc7 .jet-button__state-normal .jet-button__label{text-align:left;}.elementor-1224 .elementor-element.elementor-element-3305cc7 .jet-button__state-hover .jet-button__label{text-align:left;}.elementor-1224 .elementor-element.elementor-element-3305cc7 > .elementor-widget-container{margin:20px 0px 20px 0px;}@media(max-width:767px){.elementor-1224 .elementor-element.elementor-element-3404d00{--margin-top:0px;--margin-bottom:0px;--margin-left:0px;--margin-right:0px;--padding-top:0px;--padding-bottom:0px;--padding-left:0px;--padding-right:0px;}.elementor-1224 .elementor-element.elementor-element-3930c08 > .elementor-widget-container{padding:0px 10px 0px 12px;}.elementor-1224 .elementor-element.elementor-element-3305cc7 .jet-button__instance{width:80%;}}<\/style>\t\t<div data-elementor-type=\"loop-item\" data-elementor-id=\"1224\" class=\"elementor elementor-1224 e-loop-item e-loop-item-1392 post-1392 boat type-boat status-publish has-post-thumbnail hentry boat-type-foil\" data-elementor-post-type=\"elementor_library\" data-custom-edit-handle=\"1\">\n\t\t\t<div class=\"elementor-element elementor-element-eaca05d e-flex e-con-boxed e-con e-parent\" data-id=\"eaca05d\" data-element_type=\"container\" data-e-type=\"container\" data-settings=\"{&quot;jet_parallax_layout_list&quot;:[]}\">\n\t\t\t\t\t<div class=\"e-con-inner\">\n\t\t<div class=\"elementor-element elementor-element-3404d00 e-con-full e-flex e-con e-child\" data-id=\"3404d00\" data-element_type=\"container\" data-e-type=\"container\" data-settings=\"{&quot;background_background&quot;:&quot;classic&quot;,&quot;jet_parallax_layout_list&quot;:[]}\">\n\t\t\t\t<div class=\"elementor-element elementor-element-48fa403 elementor-widget elementor-widget-image\" data-id=\"48fa403\" data-element_type=\"widget\" data-e-type=\"widget\" data-widget_type=\"image.default\">\n\t\t\t\t<div class=\"elementor-widget-container\">\n\t\t\t\t\t\t\t\t\t\t\t\t\t\t\t\t<a href=\"https:\/\/arronet.fi\/sv\/boat\/arronet-arrofoil-25-cabin\/\">\n\t\t\t\t\t\t\t<img fetchpriority=\"high\" decoding=\"async\" width=\"800\" height=\"532\" src=\"https:\/\/arronet.fi\/wp-content\/uploads\/2024\/11\/foil_1-1024x681.jpg\" class=\"attachment-large size-large wp-image-1393\" alt=\"Arronet Arrofoil 25 Cabin\" srcset=\"https:\/\/arronet.fi\/wp-content\/uploads\/2024\/11\/foil_1-1024x681.jpg 1024w, https:\/\/arronet.fi\/wp-content\/uploads\/2024\/11\/foil_1-300x199.jpg 300w, https:\/\/arronet.fi\/wp-content\/uploads\/2024\/11\/foil_1-768x511.jpg 768w, https:\/\/arronet.fi\/wp-content\/uploads\/2024\/11\/foil_1.jpg 1504w\" sizes=\"(max-width: 800px) 100vw, 800px\" \/>\t\t\t\t\t\t\t\t<\/a>\n\t\t\t\t\t\t\t\t\t\t\t\t\t\t\t<\/div>\n\t\t\t\t<\/div>\n\t\t\t\t<div class=\"elementor-element elementor-element-320b609 elementor-widget elementor-widget-heading\" data-id=\"320b609\" data-element_type=\"widget\" data-e-type=\"widget\" data-widget_type=\"heading.default\">\n\t\t\t\t<div class=\"elementor-widget-container\">\n\t\t\t\t\t<h3 class=\"elementor-heading-title elementor-size-default\">Arronet Arrofoil 25<\/h3>\t\t\t\t<\/div>\n\t\t\t\t<\/div>\n\t\t\t\t<div class=\"elementor-element elementor-element-3930c08 elementor-widget elementor-widget-text-editor\" data-id=\"3930c08\" data-element_type=\"widget\" data-e-type=\"widget\" data-widget_type=\"text-editor.default\">\n\t\t\t\t<div class=\"elementor-widget-container\">\n\t\t\t\t\t\t\t\t\tArrofoililla voit liukua aaltojen yl\u00e4puolella 25 solmun nopeudella ja k\u00e4ytt\u00e4\u00e4 polttoainetta vain noin 0,5 litraa merimailia kohden!\t\t\t\t\t\t\t\t<\/div>\n\t\t\t\t<\/div>\n\t\t\t\t<div class=\"elementor-element elementor-element-3305cc7 elementor-widget elementor-widget-jet-button\" data-id=\"3305cc7\" data-element_type=\"widget\" data-e-type=\"widget\" data-widget_type=\"jet-button.default\">\n\t\t\t\t<div class=\"elementor-widget-container\">\n\t\t\t\t\t<div class=\"elementor-jet-button jet-elements\"><div class=\"jet-button__container\">\n\t<a class=\"jet-button__instance jet-button__instance--icon-right hover-effect-0\" href=\"https:\/\/arronet.fi\/sv\/boat\/arronet-arrofoil-25-cabin\/\">\n\t\t<div class=\"jet-button__plane jet-button__plane-normal\"><\/div>\n\t\t<div class=\"jet-button__plane jet-button__plane-hover\"><\/div>\n\t\t<div class=\"jet-button__state jet-button__state-normal\">\n\t\t\t<span class=\"jet-button__label\">Avaa venekortti<\/span>\t\t<\/div>\n\t\t<div class=\"jet-button__state jet-button__state-hover\">\n\t\t\t<span class=\"jet-button__label\">Avaa venekortti<\/span>\t\t<\/div>\n\t<\/a>\n<\/div>\n<\/div>\t\t\t\t<\/div>\n\t\t\t\t<\/div>\n\t\t\t\t<\/div>\n\t\t\t\t\t<\/div>\n\t\t\t\t<\/div>\n\t\t\t\t<\/div>\n\t\t\t\t<\/div>\n\t\t\n\t\t\t\t\t\t<\/div>\n\t\t\t\t<\/div>\n\t\t\t\t\t<\/div>\n\t\t\t\t<\/div>\n\t\t\t\t<\/div>\n\t\t","protected":false},"excerpt":{"rendered":"<p>Foil -mallisto LajitteluNimi laskevaNimi nousevaPituus nousevaPituus laskeva<\/p>","protected":false},"author":1,"featured_media":0,"parent":0,"menu_order":0,"comment_status":"closed","ping_status":"closed","template":"","meta":{"_acf_changed":false,"slim_seo":{"title":"Arronet Arrofoil 25 - Arronet","description":"Med Arrofoil kan du glida \u00f6ver v\u00e5gorna i 25 knop och bara f\u00f6rbruka cirka 0,5 liter br\u00e4nsle per nautisk mil!"},"iawp_total_views":1482,"footnotes":""},"class_list":["post-1406","page","type-page","status-publish","hentry"],"acf":[],"_links":{"self":[{"href":"https:\/\/arronet.fi\/sv\/wp-json\/wp\/v2\/pages\/1406","targetHints":{"allow":["GET"]}}],"collection":[{"href":"https:\/\/arronet.fi\/sv\/wp-json\/wp\/v2\/pages"}],"about":[{"href":"https:\/\/arronet.fi\/sv\/wp-json\/wp\/v2\/types\/page"}],"author":[{"embeddable":true,"href":"https:\/\/arronet.fi\/sv\/wp-json\/wp\/v2\/users\/1"}],"replies":[{"embeddable":true,"href":"https:\/\/arronet.fi\/sv\/wp-json\/wp\/v2\/comments?post=1406"}],"version-history":[{"count":1,"href":"https:\/\/arronet.fi\/sv\/wp-json\/wp\/v2\/pages\/1406\/revisions"}],"predecessor-version":[{"id":2878,"href":"https:\/\/arronet.fi\/sv\/wp-json\/wp\/v2\/pages\/1406\/revisions\/2878"}],"wp:attachment":[{"href":"https:\/\/arronet.fi\/sv\/wp-json\/wp\/v2\/media?parent=1406"}],"curies":[{"name":"wp","href":"https:\/\/api.w.org\/{rel}","templated":true}]}}